{"id":452,"date":"2025-01-28T19:59:49","date_gmt":"2025-01-28T18:59:49","guid":{"rendered":"https:\/\/famillepuech.fr\/?page_id=452"},"modified":"2025-01-28T19:59:49","modified_gmt":"2025-01-28T18:59:49","slug":"brevet-histoire-geo","status":"publish","type":"page","link":"https:\/\/famillepuech.fr\/index.php\/brevet-histoire-geo\/","title":{"rendered":"Brevet histoire g\u00e9o"},"content":{"rendered":"\n<p>&nbsp;Pr\u00e9paration Brevet Blanc N\u00b0 1 :<\/p>\n\n\n\n<p><strong>\u25cf Histoire \/ Th\u00e8me I &#8211; L&#8217;Europe, un th\u00e9\u00e2tre majeur des guerres totales (1914-1945)<\/strong><\/p>\n\n\n\n<p>\u00c0 retenir :<\/p>\n\n\n\n<p>I &#8211; Les cartes mentales :<\/p>\n\n\n\n<p>-Page 34 : <a href=\"http:\/\/www.lienmini.fr\/hgemc3-006\">www.lienmini.fr\/hgemc3-006<\/a><\/p>\n\n\n\n<p>-Page 60 : <a href=\"http:\/\/www.lienmini.fr\/hgemc3-008\">www.lienmini.fr\/hgemc3-008<\/a><\/p>\n\n\n\n<p>-Page 84 : <a href=\"http:\/\/www.lienmini.fr\/hgemc3-011\">www.lienmini.fr\/hgemc3-011<\/a><\/p>\n\n\n\n<p>II &#8211; Les rep\u00e8res :<\/p>\n\n\n\n<figure class=\"wp-block-embed\"><div class=\"wp-block-embed__wrapper\">\nhttps:\/\/docs.google.com\/forms\/d\/1irbjQ_iZ9HPrxNipUX0uB2d2Qdi8sF37H2DjuN98Cbw\/edit\n<\/div><\/figure>\n\n\n\n<p>III &#8211; Les mots-cl\u00e9s : Guerre totale, G\u00e9nocide, Communisme, Fascisme, R\u00e9gime totalitaire, Front populaire, R\u00e9volution russe (bolchevique), D\u00e9mocratie, Guerre d&#8217;an\u00e9antissement<\/p>\n\n\n\n<p>IV &#8211; Les tests de connaissances :<\/p>\n\n\n\n<p>-Page 34 : <a href=\"http:\/\/www.lienmini.fr\/hgemc3-007\">www.lienmini.fr\/hgemc3-007<\/a><\/p>\n\n\n\n<p>-Page 60 : <a href=\"http:\/\/www.lienmini.fr\/hgemc3-009\">www.lienmini.fr\/hgemc3-009<\/a><\/p>\n\n\n\n<p>-Page 84 : <a href=\"http:\/\/www.lienmini.fr\/hgemc3-012\">www.lienmini.fr\/hgemc3-012<\/a><\/p>\n\n\n\n<p><strong>\u25cf G\u00e9ographie \/ Th\u00e8me I &#8211; Am\u00e9nager le territoire<\/strong><\/p>\n\n\n\n<p>\u00c0 retenir :<\/p>\n\n\n\n<p>I &#8211; Les cartes mentales :<\/p>\n\n\n\n<p>-Page 308 : <a href=\"http:\/\/www.lienmini.fr\/hgemc3-116\">www.lienmini.fr\/hgemc3-116<\/a><\/p>\n\n\n\n<p>-Page 324 : <a href=\"http:\/\/www.lienmini.fr\/hgemc3-119\">www.lienmini.fr\/hgemc3-119<\/a><\/p>\n\n\n\n<p>II &#8211; Les rep\u00e8res :<\/p>\n\n\n\n<figure class=\"wp-block-embed\"><div class=\"wp-block-embed__wrapper\">\nhttps:\/\/docs.google.com\/forms\/d\/1Jqmp6T92e5VLweOXw7eUyQN_EPP23LpEmKIpsZZevdo\/edit\n<\/div><\/figure>\n\n\n\n<p>III &#8211; Les mots-cl\u00e9s : Am\u00e9nagement, Territoire, Prospective territoriale, Acteur, M\u00e9tropole<\/p>\n\n\n\n<p>IV &#8211; Les tests de connaissances :<\/p>\n\n\n\n<p>-Page 308 : <a href=\"http:\/\/www.lienmini.fr\/hgemc3-117\">www.lienmini.fr\/hgemc3-117<\/a><\/p>\n\n\n\n<p>-Page 324 : <a href=\"http:\/\/www.lienmini.fr\/hgemc3-120\">www.lienmini.fr\/hgemc3-120<\/a><\/p>\n\n\n\n<p><strong>\u25cf Histoire \/ Th\u00e8me II &#8211; Le monde de 1945 \u00e0 nos jours<\/strong><\/p>\n\n\n\n<p>\u00c0 retenir :<\/p>\n\n\n\n<p>I &#8211; Les cartes mentales :<\/p>\n\n\n\n<p>-Page 124 : <a href=\"http:\/\/www.lienmini.fr\/hgemc3-017\">www.lienmini.fr\/hgemc3-017<\/a><\/p>\n\n\n\n<p>-Page 148 : <a href=\"http:\/\/www.lienmini.fr\/hgemc3-020\">www.lienmini.fr\/hgemc3-020<\/a><\/p>\n\n\n\n<p>-Page 166 : <a href=\"http:\/\/www.lienmini.fr\/hgemc3-023\">www.lienmini.fr\/hgemc3-023<\/a><\/p>\n\n\n\n<p>-Page 186 : <a href=\"http:\/\/www.lienmini.fr\/hgemc3-026\">www.lienmini.fr\/hgemc3-026<\/a><\/p>\n\n\n\n<p>II &#8211; Les rep\u00e8res :<\/p>\n\n\n\n<figure class=\"wp-block-embed\"><div class=\"wp-block-embed__wrapper\">\nhttps:\/\/docs.google.com\/forms\/d\/12iXHw0J6VAzbm3wznFGt2XUHa6aiyYDcldHiEhGU0vY\/edit\n<\/div><\/figure>\n\n\n\n<p>III &#8211; Les mots-cl\u00e9s : Guerre froide, M\u00e9tropole, Bipolarisation, Est, Ouest, Tiers Monde, Superpuissance, Rideau de fer, March\u00e9 commun, Espace Schengen, Zone Euro, Terrorisme, Conflit, Hyperpuissance, ONU<\/p>\n\n\n\n<p>IV &#8211; Les tests de connaissances :<\/p>\n\n\n\n<p>-Page 124 : <a href=\"http:\/\/www.lienmini.fr\/hgemc3-018\">www.lienmini.fr\/hgemc3-018<\/a><\/p>\n\n\n\n<p>-Page 148 : <a href=\"http:\/\/www.lienmini.fr\/hgemc3-021\">www.lienmini.fr\/hgemc3-021<\/a><\/p>\n\n\n\n<p>-Page 166 : <a href=\"http:\/\/www.lienmini.fr\/hgemc3-024\">www.lienmini.fr\/hgemc3-024<\/a><\/p>\n\n\n\n<p>-Page 186 : <a href=\"http:\/\/www.lienmini.fr\/hgemc3-027\">www.lienmini.fr\/hgemc3-027<\/a><\/p>\n","protected":false},"excerpt":{"rendered":"<p>&nbsp;Pr\u00e9paration Brevet Blanc N\u00b0 1 : \u25cf Histoire \/ Th\u00e8me I &#8211; L&#8217;Europe, un th\u00e9\u00e2tre majeur des guerres totales (1914-1945) \u00c0 retenir : I &#8211; Les cartes mentales : -Page 34 : www.lienmini.fr\/hgemc3-006 -Page 60 : www.lienmini.fr\/hgemc3-008 -Page 84 : www.lienmini.fr\/hgemc3-011 II &#8211; Les rep\u00e8res : III &#8211; Les mots-cl\u00e9s : Guerre totale, G\u00e9nocide, Communisme, [&hellip;]<\/p>\n","protected":false},"author":1,"featured_media":0,"parent":0,"menu_order":0,"comment_status":"closed","ping_status":"closed","template":"","meta":{"footnotes":""},"class_list":["post-452","page","type-page","status-publish","hentry"],"jetpack_sharing_enabled":true,"_links":{"self":[{"href":"https:\/\/famillepuech.fr\/index.php\/wp-json\/wp\/v2\/pages\/452","targetHints":{"allow":["GET"]}}],"collection":[{"href":"https:\/\/famillepuech.fr\/index.php\/wp-json\/wp\/v2\/pages"}],"about":[{"href":"https:\/\/famillepuech.fr\/index.php\/wp-json\/wp\/v2\/types\/page"}],"author":[{"embeddable":true,"href":"https:\/\/famillepuech.fr\/index.php\/wp-json\/wp\/v2\/users\/1"}],"replies":[{"embeddable":true,"href":"https:\/\/famillepuech.fr\/index.php\/wp-json\/wp\/v2\/comments?post=452"}],"version-history":[{"count":1,"href":"https:\/\/famillepuech.fr\/index.php\/wp-json\/wp\/v2\/pages\/452\/revisions"}],"predecessor-version":[{"id":455,"href":"https:\/\/famillepuech.fr\/index.php\/wp-json\/wp\/v2\/pages\/452\/revisions\/455"}],"wp:attachment":[{"href":"https:\/\/famillepuech.fr\/index.php\/wp-json\/wp\/v2\/media?parent=452"}],"curies":[{"name":"wp","href":"https:\/\/api.w.org\/{rel}","templated":true}]}}