{"id":187,"date":"2023-09-30T09:28:23","date_gmt":"2023-09-30T07:28:23","guid":{"rendered":"https:\/\/famillepuech.fr\/?page_id=187"},"modified":"2024-11-23T08:08:14","modified_gmt":"2024-11-23T07:08:14","slug":"plans","status":"publish","type":"page","link":"https:\/\/famillepuech.fr\/index.php\/plans\/","title":{"rendered":"PLANS"},"content":{"rendered":"\n<p><strong>Positions accessoires Toit terrasse<\/strong><\/p>\n\n\n\n<div data-wp-interactive=\"core\/file\" class=\"wp-block-file\"><object data-wp-bind--hidden=\"!state.hasPdfPreview\" hidden class=\"wp-block-file__embed\" data=\"https:\/\/famillepuech.fr\/wp-content\/uploads\/2024\/11\/Accessoires-2.pdf\" type=\"application\/pdf\" style=\"width:100%;height:600px\" aria-label=\"Embed of Accessoires-2.\"><\/object><a id=\"wp-block-file--media-155e7ff8-713b-41a8-b63b-c1a1221d786c\" href=\"https:\/\/famillepuech.fr\/wp-content\/uploads\/2024\/11\/Accessoires-2.pdf\">Accessoires-2<\/a><a href=\"https:\/\/famillepuech.fr\/wp-content\/uploads\/2024\/11\/Accessoires-2.pdf\" class=\"wp-block-file__button wp-element-button\" download aria-describedby=\"wp-block-file--media-155e7ff8-713b-41a8-b63b-c1a1221d786c\">Download<\/a><\/div>\n\n\n\n<p><strong>D\u00e9tail linteau baie vitr\u00e9e : <\/strong><\/p>\n\n\n\n<p>pr\u00e9parer r\u00e9servation pour loger une partie du coffre du VR de cette manuiserie<\/p>\n\n\n\n<figure class=\"wp-block-image size-large\"><img loading=\"lazy\" decoding=\"async\" width=\"1024\" height=\"658\" src=\"https:\/\/famillepuech.fr\/wp-content\/uploads\/2024\/10\/image-1024x658.png\" alt=\"\" class=\"wp-image-414\" srcset=\"https:\/\/famillepuech.fr\/wp-content\/uploads\/2024\/10\/image-1024x658.png 1024w, https:\/\/famillepuech.fr\/wp-content\/uploads\/2024\/10\/image-300x193.png 300w, https:\/\/famillepuech.fr\/wp-content\/uploads\/2024\/10\/image-768x493.png 768w, https:\/\/famillepuech.fr\/wp-content\/uploads\/2024\/10\/image-1200x771.png 1200w, https:\/\/famillepuech.fr\/wp-content\/uploads\/2024\/10\/image.png 1214w\" sizes=\"auto, (max-width: 1024px) 100vw, 1024px\" \/><\/figure>\n\n\n\n<p><\/p>\n\n\n\n<p><strong>d\u00e9tails escalier : <\/strong>conserver tr\u00e9mie c\u00f4t\u00e9 garage pour potentiel escalier plus tard, nez de marche ok pour emprise en attente dans la dalle comme discut\u00e9 avec Fran\u00e7ois &#8211; escalier b\u00e9ton entre le palier de l&#8217;escalier existant et 1er niveau \u00e0  pr\u00e9voir<\/p>\n\n\n\n<div data-wp-interactive=\"core\/file\" class=\"wp-block-file\"><object data-wp-bind--hidden=\"!state.hasPdfPreview\" hidden class=\"wp-block-file__embed\" data=\"https:\/\/famillepuech.fr\/wp-content\/uploads\/2024\/10\/plans-11-oct-2024-avec-escalier-interieur.pdf\" type=\"application\/pdf\" style=\"width:100%;height:600px\" aria-label=\"Embed of plans-11-oct-2024-avec-escalier-interieur.\"><\/object><a id=\"wp-block-file--media-82449810-04c0-44af-8335-9c146ac7e456\" href=\"https:\/\/famillepuech.fr\/wp-content\/uploads\/2024\/10\/plans-11-oct-2024-avec-escalier-interieur.pdf\">plans-11-oct-2024-avec-escalier-interieur<\/a><a href=\"https:\/\/famillepuech.fr\/wp-content\/uploads\/2024\/10\/plans-11-oct-2024-avec-escalier-interieur.pdf\" class=\"wp-block-file__button wp-element-button\" download aria-describedby=\"wp-block-file--media-82449810-04c0-44af-8335-9c146ac7e456\">Download<\/a><\/div>\n\n\n\n<p>Facade vitr\u00e9e ne viendra que dans un second temps, pr\u00e9voir tr\u00e8s leg\u00e8re pente pour \u00e9coulement des projections de pluie au RC<\/p>\n\n\n\n<div data-wp-interactive=\"core\/file\" class=\"wp-block-file\"><object data-wp-bind--hidden=\"!state.hasPdfPreview\" hidden class=\"wp-block-file__embed\" data=\"https:\/\/famillepuech.fr\/wp-content\/uploads\/2024\/10\/20024-10-15.pdf\" type=\"application\/pdf\" style=\"width:100%;height:600px\" aria-label=\"Embed of 20024-10-15.\"><\/object><a id=\"wp-block-file--media-cd20652d-2632-417c-bc66-41aee4afe29c\" href=\"https:\/\/famillepuech.fr\/wp-content\/uploads\/2024\/10\/20024-10-15.pdf\">20024-10-15<\/a><a href=\"https:\/\/famillepuech.fr\/wp-content\/uploads\/2024\/10\/20024-10-15.pdf\" class=\"wp-block-file__button wp-element-button\" download aria-describedby=\"wp-block-file--media-cd20652d-2632-417c-bc66-41aee4afe29c\">Download<\/a><\/div>\n\n\n\n<h2 class=\"wp-block-heading\">croquis b\u00e9ton<\/h2>\n\n\n\n<div data-wp-interactive=\"core\/file\" class=\"wp-block-file\"><object data-wp-bind--hidden=\"!state.hasPdfPreview\" hidden class=\"wp-block-file__embed\" data=\"https:\/\/famillepuech.fr\/wp-content\/uploads\/2024\/10\/Croquis-beton.pdf\" type=\"application\/pdf\" style=\"width:100%;height:600px\" aria-label=\"Embed of Croquis-beton.\"><\/object><a id=\"wp-block-file--media-d1a36835-6046-4175-9e4f-1a031342df80\" href=\"https:\/\/famillepuech.fr\/wp-content\/uploads\/2024\/10\/Croquis-beton.pdf\">Croquis-beton<\/a><a href=\"https:\/\/famillepuech.fr\/wp-content\/uploads\/2024\/10\/Croquis-beton.pdf\" class=\"wp-block-file__button wp-element-button\" download aria-describedby=\"wp-block-file--media-d1a36835-6046-4175-9e4f-1a031342df80\">Download<\/a><\/div>\n\n\n\n<h2 class=\"wp-block-heading\">version sans escalier demi etage, mais coupes ok<\/h2>\n\n\n\n<div data-wp-interactive=\"core\/file\" class=\"wp-block-file\"><object data-wp-bind--hidden=\"!state.hasPdfPreview\" hidden class=\"wp-block-file__embed\" data=\"https:\/\/famillepuech.fr\/wp-content\/uploads\/2024\/10\/plans-du-4-oct-2024.pdf\" type=\"application\/pdf\" style=\"width:100%;height:600px\" aria-label=\"Embed of plans-du-4-oct-2024.\"><\/object><a id=\"wp-block-file--media-d2455327-a12b-4df8-8c05-6e99eee9a3d7\" href=\"https:\/\/famillepuech.fr\/wp-content\/uploads\/2024\/10\/plans-du-4-oct-2024.pdf\">plans-du-4-oct-2024<\/a><a href=\"https:\/\/famillepuech.fr\/wp-content\/uploads\/2024\/10\/plans-du-4-oct-2024.pdf\" class=\"wp-block-file__button wp-element-button\" download aria-describedby=\"wp-block-file--media-d2455327-a12b-4df8-8c05-6e99eee9a3d7\">Download<\/a><\/div>\n\n\n\n<h2 class=\"wp-block-heading\">Ajustements angle Garage \/ SDF<\/h2>\n\n\n\n<figure class=\"wp-block-image size-large\"><img loading=\"lazy\" decoding=\"async\" width=\"1024\" height=\"745\" src=\"https:\/\/famillepuech.fr\/wp-content\/uploads\/2024\/10\/ajustement-angle-garage-SDF-01-1024x745.png\" alt=\"\" class=\"wp-image-394\" srcset=\"https:\/\/famillepuech.fr\/wp-content\/uploads\/2024\/10\/ajustement-angle-garage-SDF-01-1024x745.png 1024w, https:\/\/famillepuech.fr\/wp-content\/uploads\/2024\/10\/ajustement-angle-garage-SDF-01-300x218.png 300w, https:\/\/famillepuech.fr\/wp-content\/uploads\/2024\/10\/ajustement-angle-garage-SDF-01-768x559.png 768w, https:\/\/famillepuech.fr\/wp-content\/uploads\/2024\/10\/ajustement-angle-garage-SDF-01-1536x1118.png 1536w, https:\/\/famillepuech.fr\/wp-content\/uploads\/2024\/10\/ajustement-angle-garage-SDF-01-1200x873.png 1200w, https:\/\/famillepuech.fr\/wp-content\/uploads\/2024\/10\/ajustement-angle-garage-SDF-01.png 1752w\" sizes=\"auto, (max-width: 1024px) 100vw, 1024px\" \/><\/figure>\n\n\n\n<figure class=\"wp-block-image size-large\"><img loading=\"lazy\" decoding=\"async\" width=\"1024\" height=\"745\" src=\"https:\/\/famillepuech.fr\/wp-content\/uploads\/2024\/10\/ajustement-angle-garage-SDF-02-RC-1-1024x745.png\" alt=\"\" class=\"wp-image-397\" srcset=\"https:\/\/famillepuech.fr\/wp-content\/uploads\/2024\/10\/ajustement-angle-garage-SDF-02-RC-1-1024x745.png 1024w, https:\/\/famillepuech.fr\/wp-content\/uploads\/2024\/10\/ajustement-angle-garage-SDF-02-RC-1-300x218.png 300w, https:\/\/famillepuech.fr\/wp-content\/uploads\/2024\/10\/ajustement-angle-garage-SDF-02-RC-1-768x559.png 768w, https:\/\/famillepuech.fr\/wp-content\/uploads\/2024\/10\/ajustement-angle-garage-SDF-02-RC-1-1536x1118.png 1536w, https:\/\/famillepuech.fr\/wp-content\/uploads\/2024\/10\/ajustement-angle-garage-SDF-02-RC-1-1200x873.png 1200w, https:\/\/famillepuech.fr\/wp-content\/uploads\/2024\/10\/ajustement-angle-garage-SDF-02-RC-1.png 1752w\" sizes=\"auto, (max-width: 1024px) 100vw, 1024px\" \/><\/figure>\n\n\n\n<figure class=\"wp-block-image size-large\"><img loading=\"lazy\" decoding=\"async\" width=\"1024\" height=\"745\" src=\"https:\/\/famillepuech.fr\/wp-content\/uploads\/2024\/10\/ajustement-angle-garage-SDF-03-ET-1-1024x745.png\" alt=\"\" class=\"wp-image-398\" srcset=\"https:\/\/famillepuech.fr\/wp-content\/uploads\/2024\/10\/ajustement-angle-garage-SDF-03-ET-1-1024x745.png 1024w, https:\/\/famillepuech.fr\/wp-content\/uploads\/2024\/10\/ajustement-angle-garage-SDF-03-ET-1-300x218.png 300w, https:\/\/famillepuech.fr\/wp-content\/uploads\/2024\/10\/ajustement-angle-garage-SDF-03-ET-1-768x559.png 768w, https:\/\/famillepuech.fr\/wp-content\/uploads\/2024\/10\/ajustement-angle-garage-SDF-03-ET-1-1536x1118.png 1536w, https:\/\/famillepuech.fr\/wp-content\/uploads\/2024\/10\/ajustement-angle-garage-SDF-03-ET-1-1200x873.png 1200w, https:\/\/famillepuech.fr\/wp-content\/uploads\/2024\/10\/ajustement-angle-garage-SDF-03-ET-1.png 1752w\" sizes=\"auto, (max-width: 1024px) 100vw, 1024px\" \/><\/figure>\n","protected":false},"excerpt":{"rendered":"<p>Positions accessoires Toit terrasse D\u00e9tail linteau baie vitr\u00e9e : pr\u00e9parer r\u00e9servation pour loger une partie du coffre du VR de cette manuiserie d\u00e9tails escalier : conserver tr\u00e9mie c\u00f4t\u00e9 garage pour potentiel escalier plus tard, nez de marche ok pour emprise en attente dans la dalle comme discut\u00e9 avec Fran\u00e7ois &#8211; escalier b\u00e9ton entre le palier [&hellip;]<\/p>\n","protected":false},"author":1,"featured_media":0,"parent":0,"menu_order":0,"comment_status":"closed","ping_status":"closed","template":"","meta":{"footnotes":""},"class_list":["post-187","page","type-page","status-publish","hentry"],"jetpack_sharing_enabled":true,"_links":{"self":[{"href":"https:\/\/famillepuech.fr\/index.php\/wp-json\/wp\/v2\/pages\/187","targetHints":{"allow":["GET"]}}],"collection":[{"href":"https:\/\/famillepuech.fr\/index.php\/wp-json\/wp\/v2\/pages"}],"about":[{"href":"https:\/\/famillepuech.fr\/index.php\/wp-json\/wp\/v2\/types\/page"}],"author":[{"embeddable":true,"href":"https:\/\/famillepuech.fr\/index.php\/wp-json\/wp\/v2\/users\/1"}],"replies":[{"embeddable":true,"href":"https:\/\/famillepuech.fr\/index.php\/wp-json\/wp\/v2\/comments?post=187"}],"version-history":[{"count":15,"href":"https:\/\/famillepuech.fr\/index.php\/wp-json\/wp\/v2\/pages\/187\/revisions"}],"predecessor-version":[{"id":428,"href":"https:\/\/famillepuech.fr\/index.php\/wp-json\/wp\/v2\/pages\/187\/revisions\/428"}],"wp:attachment":[{"href":"https:\/\/famillepuech.fr\/index.php\/wp-json\/wp\/v2\/media?parent=187"}],"curies":[{"name":"wp","href":"https:\/\/api.w.org\/{rel}","templated":true}]}}