{"id":158,"date":"2023-09-05T21:25:55","date_gmt":"2023-09-05T19:25:55","guid":{"rendered":"https:\/\/famillepuech.fr\/?page_id=158"},"modified":"2023-09-05T21:42:54","modified_gmt":"2023-09-05T19:42:54","slug":"infos","status":"publish","type":"page","link":"https:\/\/famillepuech.fr\/index.php\/infos\/","title":{"rendered":"infos \/ remarques"},"content":{"rendered":"\n<h2 class=\"wp-block-heading\">04 septembre 2023:<\/h2>\n\n\n\n<p>faire passer la gaine fibre optique \u00e0 l&#8217;int\u00e9rieur de la maison<\/p>\n\n\n\n<p>pr\u00e9voirune gaine \u00e9l\u00e9ctrique pour une possible prise de courant \u00e0 l&#8217;ext\u00e9rieur de la maison avec interupteur \/ disjoncteur \u00e0 l&#8217;int\u00e9rieur du b\u00e2timent<\/p>\n\n\n\n<p>Lors de la pr\u00e9paration de l&#8217;acc\u00e9s engins c\u00f4t\u00e9 jardin, faire attention aux gaines situ\u00e9es \u00e0 faible profondeur entre l&#8217;angle de la terrasse et l&#8217;angle du hangar<\/p>\n\n\n\n<p>si possible, fournir qq mod\u00e8les de tableau electrique avec emplacement brassage RJ45<\/p>\n","protected":false},"excerpt":{"rendered":"<p>04 septembre 2023: faire passer la gaine fibre optique \u00e0 l&#8217;int\u00e9rieur de la maison pr\u00e9voirune gaine \u00e9l\u00e9ctrique pour une possible prise de courant \u00e0 l&#8217;ext\u00e9rieur de la maison avec interupteur \/ disjoncteur \u00e0 l&#8217;int\u00e9rieur du b\u00e2timent Lors de la pr\u00e9paration de l&#8217;acc\u00e9s engins c\u00f4t\u00e9 jardin, faire attention aux gaines situ\u00e9es \u00e0 faible profondeur entre l&#8217;angle [&hellip;]<\/p>\n","protected":false},"author":1,"featured_media":0,"parent":0,"menu_order":0,"comment_status":"closed","ping_status":"closed","template":"","meta":{"footnotes":""},"class_list":["post-158","page","type-page","status-publish","hentry"],"jetpack_sharing_enabled":true,"_links":{"self":[{"href":"https:\/\/famillepuech.fr\/index.php\/wp-json\/wp\/v2\/pages\/158","targetHints":{"allow":["GET"]}}],"collection":[{"href":"https:\/\/famillepuech.fr\/index.php\/wp-json\/wp\/v2\/pages"}],"about":[{"href":"https:\/\/famillepuech.fr\/index.php\/wp-json\/wp\/v2\/types\/page"}],"author":[{"embeddable":true,"href":"https:\/\/famillepuech.fr\/index.php\/wp-json\/wp\/v2\/users\/1"}],"replies":[{"embeddable":true,"href":"https:\/\/famillepuech.fr\/index.php\/wp-json\/wp\/v2\/comments?post=158"}],"version-history":[{"count":6,"href":"https:\/\/famillepuech.fr\/index.php\/wp-json\/wp\/v2\/pages\/158\/revisions"}],"predecessor-version":[{"id":172,"href":"https:\/\/famillepuech.fr\/index.php\/wp-json\/wp\/v2\/pages\/158\/revisions\/172"}],"wp:attachment":[{"href":"https:\/\/famillepuech.fr\/index.php\/wp-json\/wp\/v2\/media?parent=158"}],"curies":[{"name":"wp","href":"https:\/\/api.w.org\/{rel}","templated":true}]}}